{"id":184,"date":"2025-07-26T00:05:34","date_gmt":"2025-07-26T03:05:34","guid":{"rendered":"https:\/\/www.anduweb.cl\/?page_id=184"},"modified":"2025-09-23T19:23:09","modified_gmt":"2025-09-23T22:23:09","slug":"hosting","status":"publish","type":"page","link":"https:\/\/www.anduweb.cl\/index.php\/hosting\/","title":{"rendered":"Hosting"},"content":{"rendered":"\t\t<div data-elementor-type=\"wp-page\" data-elementor-id=\"184\" class=\"elementor elementor-184\">\n\t\t\t\t<div class=\"elementor-element elementor-element-8afb67e e-flex e-con-boxed e-con e-parent\" data-id=\"8afb67e\" data-element_type=\"container\" data-settings=\"{&quot;background_background&quot;:&quot;classic&quot;}\">\n\t\t\t\t\t<div class=\"e-con-inner\">\n\t\t<div class=\"elementor-element elementor-element-45c9472 e-con-full e-flex e-con e-child\" data-id=\"45c9472\" data-element_type=\"container\">\n\t\t\t\t<div class=\"elementor-element elementor-element-916336f elementor-widget elementor-widget-heading\" data-id=\"916336f\" data-element_type=\"widget\" data-widget_type=\"heading.default\">\n\t\t\t\t\t<h2 class=\"elementor-heading-title elementor-size-default\">Los distintos Planes de Almacenamiento<\/h2>\t\t\t\t<\/div>\n\t\t\t\t<\/div>\n\t\t\t\t<div class=\"elementor-element elementor-element-54d34d1 elementor-widget__width-initial elementor-widget elementor-widget-text-editor\" data-id=\"54d34d1\" data-element_type=\"widget\" data-widget_type=\"text-editor.default\">\n\t\t\t\t\t\t\t\t\t<h1>\ud83c\udf10 \u00bfQu\u00e9 es un Hosting?<\/h1><p>El hosting (alojamiento web) es un servicio que proporciona un servidor conectado a internet donde puedes almacenar los archivos, bases de datos e informaci\u00f3n de tu p\u00e1gina web, para que sea accesible desde cualquier lugar y dispositivo.<\/p><p>\u2699\ufe0f Funci\u00f3n principal<\/p><p>\u2705 Guardar y servir los archivos de tu web (HTML, CSS, im\u00e1genes, videos, bases de datos).<br \/>\u2705 Mantener tu sitio disponible 24\/7, gestionando conexiones de los visitantes.<br \/>\u2705 Proteger y respaldar tu informaci\u00f3n con seguridad y backups autom\u00e1ticos (seg\u00fan plan).<\/p><p>\ud83d\udca1 Beneficios del hosting<br \/>\u2705 Tu p\u00e1gina est\u00e1 disponible en internet en todo momento.<br \/>\u2705 Puedes usar tu propio dominio (ej: www.tusitio.com).<br \/>\u2705 Acceso a correos corporativos (ej: contacto@tuempresa.cl).<br \/>\u2705 Mejora tu presencia profesional y credibilidad online.<br \/>\u2705 Dependiendo del proveedor, te entrega seguridad, soporte t\u00e9cnico y escalabilidad.<\/p>\t\t\t\t\t\t\t\t<\/div>\n\t\t\t\t\t<\/div>\n\t\t\t\t<\/div>\n\t\t<div class=\"elementor-element elementor-element-186da53 e-flex e-con-boxed e-con e-parent\" data-id=\"186da53\" data-element_type=\"container\" data-settings=\"{&quot;background_background&quot;:&quot;classic&quot;}\">\n\t\t\t\t\t<div class=\"e-con-inner\">\n\t\t\t\t<div class=\"elementor-element elementor-element-6fce1f2 elementor-widget elementor-widget-heading\" data-id=\"6fce1f2\" data-element_type=\"widget\" data-widget_type=\"heading.default\">\n\t\t\t\t\t<h2 class=\"elementor-heading-title elementor-size-default\">Contactanos para definir el mejor Plan para tu Necesidad<\/h2>\t\t\t\t<\/div>\n\t\t\t\t<div class=\"elementor-element elementor-element-9307a32 elementor-widget__width-initial elementor-widget elementor-widget-button\" data-id=\"9307a32\" data-element_type=\"widget\" data-widget_type=\"button.default\">\n\t\t\t\t\t\t\t\t\t\t<a class=\"elementor-button elementor-button-link elementor-size-sm\" href=\"https:\/\/www.anduweb.cl\/index.php\/contacto\/\">\n\t\t\t\t\t\t<span class=\"elementor-button-content-wrapper\">\n\t\t\t\t\t\t\t\t\t<span class=\"elementor-button-text\">Solicitar aqui<\/span>\n\t\t\t\t\t<\/span>\n\t\t\t\t\t<\/a>\n\t\t\t\t\t\t\t\t<\/div>\n\t\t\t\t\t<\/div>\n\t\t\t\t<\/div>\n\t\t<div class=\"elementor-element elementor-element-a9b25d0 e-flex e-con-boxed e-con e-parent\" data-id=\"a9b25d0\" data-element_type=\"container\" data-settings=\"{&quot;background_background&quot;:&quot;classic&quot;}\">\n\t\t\t\t\t<div class=\"e-con-inner\">\n\t\t\t\t<div class=\"elementor-element elementor-element-4c69534 elementor-widget elementor-widget-text-editor\" data-id=\"4c69534\" data-element_type=\"widget\" data-widget_type=\"text-editor.default\">\n\t\t\t\t\t\t\t\t\t<h6 data-start=\"1164\" data-end=\"1217\">\ud83c\udff7\ufe0f Caracter\u00edsticas principales de un hosting<\/h6><ol data-start=\"1219\" data-end=\"2121\"><li data-start=\"1219\" data-end=\"1318\"><h4>Espacio de almacenamiento<\/h4><h4>Capacidad en GB para alojar archivos, emails y base de datos.<\/h4><\/li><li data-start=\"1320\" data-end=\"1427\"><h4>Ancho de banda o transferencia mensual<\/h4><h4>Cu\u00e1ntos datos puedes transferir a tus visitantes al mes.<\/h4><\/li><li data-start=\"1429\" data-end=\"1525\"><h4 data-start=\"1432\" data-end=\"1525\">Dominios y subdominios permitidos<br data-start=\"1469\" data-end=\"1472\" \/>Cantidad de sitios o sub-sitios que puedes alojar.<\/h4><\/li><li data-start=\"1527\" data-end=\"1613\"><h4 data-start=\"1530\" data-end=\"1613\">Cuentas de correo electr\u00f3nico<br data-start=\"1563\" data-end=\"1566\" \/>Creaci\u00f3n y gesti\u00f3n de emails con tu dominio.<\/h4><\/li><li data-start=\"1615\" data-end=\"1721\"><h4 data-start=\"1618\" data-end=\"1721\">Bases de datos<br data-start=\"1636\" data-end=\"1639\" \/>Soporte para MySQL u otros sistemas para sitios din\u00e1micos (WordPress, Laravel).<\/h4><\/li><li data-start=\"1723\" data-end=\"1830\"><h4 data-start=\"1726\" data-end=\"1830\">Panel de control (cPanel, Plesk, DirectAdmin)<br data-start=\"1775\" data-end=\"1778\" \/>Herramienta para gestionar el hosting f\u00e1cilmente.<\/h4><\/li><li data-start=\"1832\" data-end=\"1891\"><h4 data-start=\"1835\" data-end=\"1891\">Certificado SSL<br data-start=\"1854\" data-end=\"1857\" \/>Para navegaci\u00f3n segura (https).<\/h4><\/li><li data-start=\"1893\" data-end=\"1965\"><h4 data-start=\"1896\" data-end=\"1965\">Copias de seguridad autom\u00e1ticas<br data-start=\"1931\" data-end=\"1934\" \/>Backups diarios o semanales.<\/h4><\/li><li data-start=\"1967\" data-end=\"2037\"><h4 data-start=\"1970\" data-end=\"2037\">Soporte t\u00e9cnico<br data-start=\"1989\" data-end=\"1992\" \/>Ayuda profesional cuando surgen problemas.<\/h4><\/li><li data-start=\"2039\" data-end=\"2121\"><h4 data-start=\"2043\" data-end=\"2121\">Uptime garantizado<br data-start=\"2065\" data-end=\"2068\" \/>Porcentaje de disponibilidad (ideal sobre 99.5%).<\/h4><\/li><\/ol>\t\t\t\t\t\t\t\t<\/div>\n\t\t\t\t\t<\/div>\n\t\t\t\t<\/div>\n\t\t<div class=\"elementor-element elementor-element-3a879e8 e-flex e-con-boxed e-con e-parent\" data-id=\"3a879e8\" data-element_type=\"container\" data-settings=\"{&quot;background_background&quot;:&quot;classic&quot;}\">\n\t\t\t\t\t<div class=\"e-con-inner\">\n\t\t\t\t<div class=\"elementor-element elementor-element-1f8025c elementor-arrows-position-inside elementor-pagination-position-outside elementor-widget elementor-widget-image-carousel\" data-id=\"1f8025c\" data-element_type=\"widget\" data-settings=\"{&quot;slides_to_show&quot;:&quot;5&quot;,&quot;slides_to_scroll&quot;:&quot;5&quot;,&quot;navigation&quot;:&quot;both&quot;,&quot;autoplay&quot;:&quot;yes&quot;,&quot;pause_on_hover&quot;:&quot;yes&quot;,&quot;pause_on_interaction&quot;:&quot;yes&quot;,&quot;autoplay_speed&quot;:5000,&quot;infinite&quot;:&quot;yes&quot;,&quot;speed&quot;:500}\" data-widget_type=\"image-carousel.default\">\n\t\t\t\t\t\t\t<div class=\"elementor-image-carousel-wrapper swiper\" role=\"region\" aria-roledescription=\"carousel\" aria-label=\"Carrusel de im\u00e1genes\" dir=\"ltr\">\n\t\t\t<div class=\"elementor-image-carousel swiper-wrapper\" aria-live=\"off\">\n\t\t\t\t\t\t\t\t<div class=\"swiper-slide\" role=\"group\" aria-roledescription=\"slide\" aria-label=\"1 de 6\"><figure class=\"swiper-slide-inner\"><img decoding=\"async\" class=\"swiper-slide-image\" src=\"https:\/\/www.anduweb.cl\/wp-content\/uploads\/2025\/07\/pie-300x150-2.jpg\" alt=\"pie-300x150\" \/><\/figure><\/div><div class=\"swiper-slide\" role=\"group\" aria-roledescription=\"slide\" aria-label=\"2 de 6\"><figure class=\"swiper-slide-inner\"><img decoding=\"async\" class=\"swiper-slide-image\" src=\"https:\/\/www.anduweb.cl\/wp-content\/uploads\/2025\/07\/Pie-300x150-1-1.jpg\" alt=\"Pie-300x150-1\" \/><\/figure><\/div><div class=\"swiper-slide\" role=\"group\" aria-roledescription=\"slide\" aria-label=\"3 de 6\"><figure class=\"swiper-slide-inner\"><img decoding=\"async\" class=\"swiper-slide-image\" src=\"https:\/\/www.anduweb.cl\/wp-content\/uploads\/2025\/07\/Pie18-300x150-1.jpg\" alt=\"Pie18-300x150\" \/><\/figure><\/div><div class=\"swiper-slide\" role=\"group\" aria-roledescription=\"slide\" aria-label=\"4 de 6\"><figure class=\"swiper-slide-inner\"><img decoding=\"async\" class=\"swiper-slide-image\" src=\"https:\/\/www.anduweb.cl\/wp-content\/uploads\/2025\/07\/pie16-300-x-150.jpg\" alt=\"pie16 300 x 150\" \/><\/figure><\/div><div class=\"swiper-slide\" role=\"group\" aria-roledescription=\"slide\" aria-label=\"5 de 6\"><figure class=\"swiper-slide-inner\"><img decoding=\"async\" class=\"swiper-slide-image\" src=\"https:\/\/www.anduweb.cl\/wp-content\/uploads\/2025\/07\/pie-19-300x150-1.jpg\" alt=\"pie 19 300x150\" \/><\/figure><\/div><div class=\"swiper-slide\" role=\"group\" aria-roledescription=\"slide\" aria-label=\"6 de 6\"><figure class=\"swiper-slide-inner\"><img decoding=\"async\" class=\"swiper-slide-image\" src=\"https:\/\/www.anduweb.cl\/wp-content\/uploads\/2025\/07\/pie-17-350x150-1.jpg\" alt=\"pie 17 350x150\" \/><\/figure><\/div>\t\t\t<\/div>\n\t\t\t\t\t\t\t\t\t\t\t\t<div class=\"elementor-swiper-button elementor-swiper-button-prev\" role=\"button\" tabindex=\"0\">\n\t\t\t\t\t\t<svg aria-hidden=\"true\" class=\"e-font-icon-svg e-eicon-chevron-left\" viewBox=\"0 0 1000 1000\" xmlns=\"http:\/\/www.w3.org\/2000\/svg\"><path d=\"M646 125C629 125 613 133 604 142L308 442C296 454 292 471 292 487 292 504 296 521 308 533L604 854C617 867 629 875 646 875 663 875 679 871 692 858 704 846 713 829 713 812 713 796 708 779 692 767L438 487 692 225C700 217 708 204 708 187 708 171 704 154 692 142 675 129 663 125 646 125Z\"><\/path><\/svg>\t\t\t\t\t<\/div>\n\t\t\t\t\t<div class=\"elementor-swiper-button elementor-swiper-button-next\" role=\"button\" tabindex=\"0\">\n\t\t\t\t\t\t<svg aria-hidden=\"true\" class=\"e-font-icon-svg e-eicon-chevron-right\" viewBox=\"0 0 1000 1000\" xmlns=\"http:\/\/www.w3.org\/2000\/svg\"><path d=\"M696 533C708 521 713 504 713 487 713 471 708 454 696 446L400 146C388 133 375 125 354 125 338 125 325 129 313 142 300 154 292 171 292 187 292 204 296 221 308 233L563 492 304 771C292 783 288 800 288 817 288 833 296 850 308 863 321 871 338 875 354 875 371 875 388 867 400 854L696 533Z\"><\/path><\/svg>\t\t\t\t\t<\/div>\n\t\t\t\t\n\t\t\t\t\t\t\t\t\t<div class=\"swiper-pagination\"><\/div>\n\t\t\t\t\t\t\t\t\t<\/div>\n\t\t\t\t\t\t<\/div>\n\t\t\t\t\t<\/div>\n\t\t\t\t<\/div>\n\t\t\t\t<\/div>\n\t\t","protected":false},"excerpt":{"rendered":"<p>Los distintos Planes de Almacenamiento \ud83c\udf10 \u00bfQu\u00e9 es un Hosting? El hosting (alojamiento web) es un servicio que proporciona un [&hellip;]<\/p>\n","protected":false},"author":1,"featured_media":0,"parent":0,"menu_order":0,"comment_status":"closed","ping_status":"closed","template":"","meta":{"site-sidebar-layout":"no-sidebar","site-content-layout":"","ast-site-content-layout":"full-width-container","site-content-style":"default","site-sidebar-style":"default","ast-global-header-display":"","ast-banner-title-visibility":"","ast-main-header-display":"","ast-hfb-above-header-display":"","ast-hfb-below-header-display":"","ast-hfb-mobile-header-display":"","site-post-title":"disabled","ast-breadcrumbs-content":"","ast-featured-img":"disabled","footer-sml-layout":"","theme-transparent-header-meta":"","adv-header-id-meta":"","stick-header-meta":"","header-above-stick-meta":"","header-main-stick-meta":"","header-below-stick-meta":"","astra-migrate-meta-layouts":"default","ast-page-background-enabled":"default","ast-page-background-meta":{"desktop":{"background-color":"var(--ast-global-color-5)","background-image":"","background-repeat":"repeat","background-position":"center center","background-size":"auto","background-attachment":"scroll","background-type":"","background-media":"","overlay-type":"","overlay-color":"","overlay-opacity":"","overlay-gradient":""},"tablet":{"background-color":"","background-image":"","background-repeat":"repeat","background-position":"center center","background-size":"auto","background-attachment":"scroll","background-type":"","background-media":"","overlay-type":"","overlay-color":"","overlay-opacity":"","overlay-gradient":""},"mobile":{"background-color":"","background-image":"","background-repeat":"repeat","background-position":"center center","background-size":"auto","background-attachment":"scroll","background-type":"","background-media":"","overlay-type":"","overlay-color":"","overlay-opacity":"","overlay-gradient":""}},"ast-content-background-meta":{"desktop":{"background-color":"var(--ast-global-color-4)","background-image":"","background-repeat":"repeat","background-position":"center center","background-size":"auto","background-attachment":"scroll","background-type":"","background-media":"","overlay-type":"","overlay-color":"","overlay-opacity":"","overlay-gradient":""},"tablet":{"background-color":"var(--ast-global-color-4)","background-image":"","background-repeat":"repeat","background-position":"center center","background-size":"auto","background-attachment":"scroll","background-type":"","background-media":"","overlay-type":"","overlay-color":"","overlay-opacity":"","overlay-gradient":""},"mobile":{"background-color":"var(--ast-global-color-4)","background-image":"","background-repeat":"repeat","background-position":"center center","background-size":"auto","background-attachment":"scroll","background-type":"","background-media":"","overlay-type":"","overlay-color":"","overlay-opacity":"","overlay-gradient":""}},"footnotes":""},"class_list":["post-184","page","type-page","status-publish","hentry"],"_links":{"self":[{"href":"https:\/\/www.anduweb.cl\/index.php\/wp-json\/wp\/v2\/pages\/184","targetHints":{"allow":["GET"]}}],"collection":[{"href":"https:\/\/www.anduweb.cl\/index.php\/wp-json\/wp\/v2\/pages"}],"about":[{"href":"https:\/\/www.anduweb.cl\/index.php\/wp-json\/wp\/v2\/types\/page"}],"author":[{"embeddable":true,"href":"https:\/\/www.anduweb.cl\/index.php\/wp-json\/wp\/v2\/users\/1"}],"replies":[{"embeddable":true,"href":"https:\/\/www.anduweb.cl\/index.php\/wp-json\/wp\/v2\/comments?post=184"}],"version-history":[{"count":100,"href":"https:\/\/www.anduweb.cl\/index.php\/wp-json\/wp\/v2\/pages\/184\/revisions"}],"predecessor-version":[{"id":1418,"href":"https:\/\/www.anduweb.cl\/index.php\/wp-json\/wp\/v2\/pages\/184\/revisions\/1418"}],"wp:attachment":[{"href":"https:\/\/www.anduweb.cl\/index.php\/wp-json\/wp\/v2\/media?parent=184"}],"curies":[{"name":"wp","href":"https:\/\/api.w.org\/{rel}","templated":true}]}}